{"id":223,"date":"2018-03-11T13:38:53","date_gmt":"2018-03-11T12:38:53","guid":{"rendered":"http:\/\/gnd.bme.hu\/cansat\/?page_id=223"},"modified":"2020-05-31T15:36:43","modified_gmt":"2020-05-31T14:36:43","slug":"cseh-domonkos","status":"publish","type":"page","link":"https:\/\/gnd.bme.hu\/cansat\/index.php\/csapat\/cseh-domonkos\/","title":{"rendered":"Cseh Domonkos"},"content":{"rendered":"<style type=\"text\/css\">#maintext{\n\t\t\t\t\t\tbackground:  none repeat scroll 0 0 #ffffff;\n\t\t\t\t\t\ttext-align:left;\n\t\t\t\t\t\tmargin-top: 20px;\n\t\t\t\t\t\tcolor: #333;\n\t\t\t\t\t\ttext-align: justify;\n\t\t\t\t\t\ttext-justify: inter-word;\n\t\t\t\t\t\tfont-family: 'Roboto', sans-serif;\n\t\t\t\t\t\tword-wrap: break-word;\n\t\t\t\t\t\toverflow-wrap: break-word;\n\t\t\t\t\t\tpadding: 5px 10px;\n\t\t\t\t\t\t}\n<\/style>\n<div id=\"maintext\">\n<p>Rengeteg sportot kipr\u00f3b\u00e1ltam: tollaslabd\u00e1ztam, fallabd\u00e1ztam, kajakoztam, \u00e9s m\u00e9g rengeteg m\u00e1s mindent is. K\u00f6z\u00f6ss\u00e9gi fut\u00f3versenyekre is j\u00e1rtam, \u00e1m a sok sport k\u00f6z\u00fcl az \u00fasz\u00e1s ragadt meg a legink\u00e1bb. 10 \u00e9ve \u00faszom kisebb megszak\u00edt\u00e1sokkal. Tavaly teljes\u00edtettem az \u00f6t\u00f6dik Balaton-\u00e1t\u00fasz\u00e1somat.\u00a0Mostan\u00e1ban \u00fajra fallabd\u00e1zom. Hobbim a fot\u00f3z\u00e1s.<\/p>\n<p>A k\u00f6z\u00e9piskol\u00e1ban a k\u00e9mia mellett a fizika ir\u00e1nt is \u00e9rdekl\u0151d\u00f6m, valamint a csillag\u00e1szat is komolyabban foglalkoztat. \u00c9retts\u00e9gi ut\u00e1n vegy\u00e9szm\u00e9rn\u00f6knek szeretn\u00e9k tanulni.<\/p>\n<p>A csapat \u00fcgyeinek szervez\u00e9s\u00e9ben seg\u00edtek.<\/p>\n<\/div>\n","protected":false},"excerpt":{"rendered":"<p>Rengeteg sportot kipr\u00f3b\u00e1ltam: tollaslabd\u00e1ztam, fallabd\u00e1ztam, kajakoztam, \u00e9s m\u00e9g rengeteg m\u00e1s mindent is. K\u00f6z\u00f6ss\u00e9gi fut\u00f3versenyekre is j\u00e1rtam, \u00e1m a sok sport k\u00f6z\u00fcl az \u00fasz\u00e1s ragadt meg a legink\u00e1bb. 10 \u00e9ve \u00faszom kisebb megszak\u00edt\u00e1sokkal. Tavaly teljes\u00edtettem az \u00f6t\u00f6dik Balaton-\u00e1t\u00fasz\u00e1somat.\u00a0Mostan\u00e1ban \u00fajra fallabd\u00e1zom. Hobbim a fot\u00f3z\u00e1s. A k\u00f6z\u00e9piskol\u00e1ban a k\u00e9mia mellett a fizika ir\u00e1nt is \u00e9rdekl\u0151d\u00f6m, valamint a csillag\u00e1szat &hellip; <\/p>\n<p class=\"link-more\"><a href=\"https:\/\/gnd.bme.hu\/cansat\/index.php\/csapat\/cseh-domonkos\/\" class=\"more-link\">Continue reading<span class=\"screen-reader-text\"> &#8220;Cseh Domonkos&#8221;<\/span><\/a><\/p>\n","protected":false},"author":4,"featured_media":0,"parent":31,"menu_order":0,"comment_status":"closed","ping_status":"closed","template":"page-templates\/page_fullwidth.php","meta":{"footnotes":""},"class_list":["post-223","page","type-page","status-publish","hentry","entry"],"_links":{"self":[{"href":"https:\/\/gnd.bme.hu\/cansat\/index.php\/wp-json\/wp\/v2\/pages\/223","targetHints":{"allow":["GET"]}}],"collection":[{"href":"https:\/\/gnd.bme.hu\/cansat\/index.php\/wp-json\/wp\/v2\/pages"}],"about":[{"href":"https:\/\/gnd.bme.hu\/cansat\/index.php\/wp-json\/wp\/v2\/types\/page"}],"author":[{"embeddable":true,"href":"https:\/\/gnd.bme.hu\/cansat\/index.php\/wp-json\/wp\/v2\/users\/4"}],"replies":[{"embeddable":true,"href":"https:\/\/gnd.bme.hu\/cansat\/index.php\/wp-json\/wp\/v2\/comments?post=223"}],"version-history":[{"count":17,"href":"https:\/\/gnd.bme.hu\/cansat\/index.php\/wp-json\/wp\/v2\/pages\/223\/revisions"}],"predecessor-version":[{"id":2129,"href":"https:\/\/gnd.bme.hu\/cansat\/index.php\/wp-json\/wp\/v2\/pages\/223\/revisions\/2129"}],"up":[{"embeddable":true,"href":"https:\/\/gnd.bme.hu\/cansat\/index.php\/wp-json\/wp\/v2\/pages\/31"}],"wp:attachment":[{"href":"https:\/\/gnd.bme.hu\/cansat\/index.php\/wp-json\/wp\/v2\/media?parent=223"}],"curies":[{"name":"wp","href":"https:\/\/api.w.org\/{rel}","templated":true}]}}