{"id":225,"date":"2018-03-11T13:39:14","date_gmt":"2018-03-11T12:39:14","guid":{"rendered":"http:\/\/gnd.bme.hu\/cansat\/?page_id=225"},"modified":"2020-05-31T15:35:50","modified_gmt":"2020-05-31T14:35:50","slug":"dessewffy-domonkos","status":"publish","type":"page","link":"https:\/\/gnd.bme.hu\/cansat\/index.php\/csapat\/dessewffy-domonkos\/","title":{"rendered":"Dessewffy Domonkos"},"content":{"rendered":"<style type=\"text\/css\">#maintext{\n\t\t\t\t\t\tbackground:  none repeat scroll 0 0 #ffffff;\n\t\t\t\t\t\ttext-align:left;\n\t\t\t\t\t\tmargin-top: 20px;\n\t\t\t\t\t\tcolor: #333;\n\t\t\t\t\t\ttext-align: justify;\n\t\t\t\t\t\ttext-justify: inter-word;\n\t\t\t\t\t\tfont-family: 'Roboto', sans-serif;\n\t\t\t\t\t\tword-wrap: break-word;\n\t\t\t\t\t\toverflow-wrap: break-word;\n\t\t\t\t\t\tpadding: 5px 10px;\n\t\t\t\t\t\t}\n<\/style>\n<div id=\"maintext\">\n<p>M\u00e1r nagyon r\u00e9g\u00f3ta \u00e9rdekl\u0151d\u00f6m mindenf\u00e9le m\u0171szaki dolgok ir\u00e1nt, legyen az a f\u0171ny\u00edr\u00f3 benzinmotorja, magasfrekvenci\u00e1s kommunik\u00e1ci\u00f3 vagy \u00e9ppen magasfesz\u00fclts\u00e9g\u0171 k\u00eds\u00e9rletek minden mennyis\u00e9gben.<br \/>\nAz iskol\u00e1ban legink\u00e1bb a fizika ir\u00e1nt \u00e9rdekl\u0151d\u00f6m, sok orsz\u00e1gos fizikaversenyen vettem r\u00e9szt az \u00e9vek sor\u00e1n.<\/p>\n<p>Nagyon lek\u00f6t a zenehallgat\u00e1s, legink\u00e1bb klasszikus zen\u00e9t \u00e9s a \u201970-es \u00e9vek rockzen\u00e9j\u00e9t szeretem. Ezenk\u00edv\u00fcl szeretek mindenf\u00e9le t\u00e1rsast\u00e1ncot tanulni \u00e9s t\u00e1ncolni. Kor\u00e1bban t\u00f6bb \u00e9vig zongor\u00e1ztam \u00e9s \u00e9nekeltem.<\/p>\n<p>A CanSat fed\u00e9lzeti \u00e1ramk\u00f6r\u00e9t tervezem, ami a versenyen a m\u00e9r\u00e9seket \u00e9s az ir\u00e1ny\u00edt\u00e1st fogja v\u00e9gezni.<\/p>\n<\/div>\n","protected":false},"excerpt":{"rendered":"<p>M\u00e1r nagyon r\u00e9g\u00f3ta \u00e9rdekl\u0151d\u00f6m mindenf\u00e9le m\u0171szaki dolgok ir\u00e1nt, legyen az a f\u0171ny\u00edr\u00f3 benzinmotorja, magasfrekvenci\u00e1s kommunik\u00e1ci\u00f3 vagy \u00e9ppen magasfesz\u00fclts\u00e9g\u0171 k\u00eds\u00e9rletek minden mennyis\u00e9gben. Az iskol\u00e1ban legink\u00e1bb a fizika ir\u00e1nt \u00e9rdekl\u0151d\u00f6m, sok orsz\u00e1gos fizikaversenyen vettem r\u00e9szt az \u00e9vek sor\u00e1n. Nagyon lek\u00f6t a zenehallgat\u00e1s, legink\u00e1bb klasszikus zen\u00e9t \u00e9s a \u201970-es \u00e9vek rockzen\u00e9j\u00e9t szeretem. Ezenk\u00edv\u00fcl szeretek mindenf\u00e9le t\u00e1rsast\u00e1ncot tanulni \u00e9s &hellip; <\/p>\n<p class=\"link-more\"><a href=\"https:\/\/gnd.bme.hu\/cansat\/index.php\/csapat\/dessewffy-domonkos\/\" class=\"more-link\">Continue reading<span class=\"screen-reader-text\"> &#8220;Dessewffy Domonkos&#8221;<\/span><\/a><\/p>\n","protected":false},"author":4,"featured_media":0,"parent":31,"menu_order":0,"comment_status":"closed","ping_status":"closed","template":"page-templates\/page_fullwidth.php","meta":{"footnotes":""},"class_list":["post-225","page","type-page","status-publish","hentry","entry"],"_links":{"self":[{"href":"https:\/\/gnd.bme.hu\/cansat\/index.php\/wp-json\/wp\/v2\/pages\/225","targetHints":{"allow":["GET"]}}],"collection":[{"href":"https:\/\/gnd.bme.hu\/cansat\/index.php\/wp-json\/wp\/v2\/pages"}],"about":[{"href":"https:\/\/gnd.bme.hu\/cansat\/index.php\/wp-json\/wp\/v2\/types\/page"}],"author":[{"embeddable":true,"href":"https:\/\/gnd.bme.hu\/cansat\/index.php\/wp-json\/wp\/v2\/users\/4"}],"replies":[{"embeddable":true,"href":"https:\/\/gnd.bme.hu\/cansat\/index.php\/wp-json\/wp\/v2\/comments?post=225"}],"version-history":[{"count":10,"href":"https:\/\/gnd.bme.hu\/cansat\/index.php\/wp-json\/wp\/v2\/pages\/225\/revisions"}],"predecessor-version":[{"id":2128,"href":"https:\/\/gnd.bme.hu\/cansat\/index.php\/wp-json\/wp\/v2\/pages\/225\/revisions\/2128"}],"up":[{"embeddable":true,"href":"https:\/\/gnd.bme.hu\/cansat\/index.php\/wp-json\/wp\/v2\/pages\/31"}],"wp:attachment":[{"href":"https:\/\/gnd.bme.hu\/cansat\/index.php\/wp-json\/wp\/v2\/media?parent=225"}],"curies":[{"name":"wp","href":"https:\/\/api.w.org\/{rel}","templated":true}]}}