{"id":227,"date":"2018-03-11T13:39:34","date_gmt":"2018-03-11T12:39:34","guid":{"rendered":"http:\/\/gnd.bme.hu\/cansat\/?page_id=227"},"modified":"2020-05-31T15:34:51","modified_gmt":"2020-05-31T14:34:51","slug":"tomka-benedek","status":"publish","type":"page","link":"https:\/\/gnd.bme.hu\/cansat\/index.php\/csapat\/tomka-benedek\/","title":{"rendered":"Tomka Benedek"},"content":{"rendered":"<style type=\"text\/css\">#maintext{\n\t\t\t\t\t\tbackground:  none repeat scroll 0 0 #ffffff;\n\t\t\t\t\t\ttext-align:left;\n\t\t\t\t\t\tmargin-top: 20px;\n\t\t\t\t\t\tcolor: #333;\n\t\t\t\t\t\ttext-align: justify;\n\t\t\t\t\t\ttext-justify: inter-word;\n\t\t\t\t\t\tfont-family: 'Roboto', sans-serif;\n\t\t\t\t\t\tword-wrap: break-word;\n\t\t\t\t\t\toverflow-wrap: break-word;\n\t\t\t\t\t\tpadding: 5px 10px;\n\t\t\t\t\t\t}\n<\/style>\n<div id=\"maintext\">\n<p>Nem szeretek hossz\u00fa bemutatkoz\u00f3 sz\u00f6vegeteket \u00edrni, \u00fagyse olvassa el senki.<\/p>\n<p>R\u00f6viden magamr\u00f3l:<\/p>\n<p>Szeretek\u00a0programozni, \u00e1ramk\u00f6r\u00f6ket tervezni, 3D modellezni, hackelni, zongor\u00e1zni, zen\u00e9t hallgatni;<\/p>\n<p>Sokat futok, a m\u00e1sodik f\u00e9lmaratonomon vagyok t\u00fal, most maratonra k\u00e9sz\u00fcl\u00f6k. Rengeteget biciklizek, orsz\u00e1g\u00fati bring\u00e1mmal aut\u00f3kat el\u0151z\u00f6k az Istenhegyi \u00faton.<\/p>\n<\/div>\n","protected":false},"excerpt":{"rendered":"<p>Nem szeretek hossz\u00fa bemutatkoz\u00f3 sz\u00f6vegeteket \u00edrni, \u00fagyse olvassa el senki. R\u00f6viden magamr\u00f3l: Szeretek\u00a0programozni, \u00e1ramk\u00f6r\u00f6ket tervezni, 3D modellezni, hackelni, zongor\u00e1zni, zen\u00e9t hallgatni; Sokat futok, a m\u00e1sodik f\u00e9lmaratonomon vagyok t\u00fal, most maratonra k\u00e9sz\u00fcl\u00f6k. Rengeteget biciklizek, orsz\u00e1g\u00fati bring\u00e1mmal aut\u00f3kat el\u0151z\u00f6k az Istenhegyi \u00faton.<\/p>\n","protected":false},"author":4,"featured_media":0,"parent":31,"menu_order":0,"comment_status":"closed","ping_status":"closed","template":"page-templates\/page_fullwidth.php","meta":{"footnotes":""},"class_list":["post-227","page","type-page","status-publish","hentry","entry"],"_links":{"self":[{"href":"https:\/\/gnd.bme.hu\/cansat\/index.php\/wp-json\/wp\/v2\/pages\/227","targetHints":{"allow":["GET"]}}],"collection":[{"href":"https:\/\/gnd.bme.hu\/cansat\/index.php\/wp-json\/wp\/v2\/pages"}],"about":[{"href":"https:\/\/gnd.bme.hu\/cansat\/index.php\/wp-json\/wp\/v2\/types\/page"}],"author":[{"embeddable":true,"href":"https:\/\/gnd.bme.hu\/cansat\/index.php\/wp-json\/wp\/v2\/users\/4"}],"replies":[{"embeddable":true,"href":"https:\/\/gnd.bme.hu\/cansat\/index.php\/wp-json\/wp\/v2\/comments?post=227"}],"version-history":[{"count":8,"href":"https:\/\/gnd.bme.hu\/cansat\/index.php\/wp-json\/wp\/v2\/pages\/227\/revisions"}],"predecessor-version":[{"id":2126,"href":"https:\/\/gnd.bme.hu\/cansat\/index.php\/wp-json\/wp\/v2\/pages\/227\/revisions\/2126"}],"up":[{"embeddable":true,"href":"https:\/\/gnd.bme.hu\/cansat\/index.php\/wp-json\/wp\/v2\/pages\/31"}],"wp:attachment":[{"href":"https:\/\/gnd.bme.hu\/cansat\/index.php\/wp-json\/wp\/v2\/media?parent=227"}],"curies":[{"name":"wp","href":"https:\/\/api.w.org\/{rel}","templated":true}]}}