{"id":25,"date":"2018-02-23T20:00:47","date_gmt":"2018-02-23T19:00:47","guid":{"rendered":"http:\/\/gnd.bme.hu\/cansat\/?page_id=25"},"modified":"2020-05-31T14:54:10","modified_gmt":"2020-05-31T13:54:10","slug":"mi-az-a-cansat","status":"publish","type":"page","link":"https:\/\/gnd.bme.hu\/cansat\/index.php\/mi-az-a-cansat\/","title":{"rendered":"Mi az a cansat?"},"content":{"rendered":"<style type=\"text\/css\">#maintext{\n\t\t\t\t\t\tbackground:  none repeat scroll 0 0 #ffffff;\n\t\t\t\t\t\ttext-align:left;\n\t\t\t\t\t\tmargin-top: 20px;\n\t\t\t\t\t\tcolor: #333;\n\t\t\t\t\t\ttext-align: justify;\n\t\t\t\t\t\ttext-justify: inter-word;\n\t\t\t\t\t\tfont-family: 'Roboto', sans-serif;\n\t\t\t\t\t\tword-wrap: break-word;\n\t\t\t\t\t\toverflow-wrap: break-word;\n\t\t\t\t\t\tpadding: 5px 10px;\n\t\t\t\t\t\t}\n<\/style>\n<div id=\"maintext\">\n<p>A CanSat egy italosdoboz m\u00e9ret\u0171 \u00e9s form\u00e1j\u00fa m\u0171holdszimul\u00e1ci\u00f3.<br \/>\nA r\u00e9sztvev\u0151 csapatok egy kism\u00e9ret\u0171 m\u0171holdat k\u00e9sz\u00edtenek el, amivel k\u00fcl\u00f6nb\u00f6z\u0151 k\u00fcldet\u00e9seket hajthatnak v\u00e9gre.<br \/>\nA CanSat egy lehets\u00e9ges bels\u0151 elrendez\u00e9se a k\u00f6vetkez\u0151 k\u00e9pen l\u00e1that\u00f3:<\/p>\n<p><img loading=\"lazy\" decoding=\"async\" class=\"aligncenter\" src=\"https:\/\/gnd.bme.hu\/cansat\/wp-content\/uploads\/2018\/04\/cansat.jpg\" alt=\"\" width=\"512\" height=\"384\" \/><\/p>\n<p>A versenyen a r\u00e9sztvev\u0151knek a m\u0171hold minden r\u00e9sz\u00e9t, az energiaell\u00e1t\u00e1st, a szenzorokat, kommunik\u00e1ci\u00f3s egys\u00e9g\u00e9t kell megtervezni\u00fck, \u00e9s el kell k\u00e9sz\u00edteni\u00fck a megadott felt\u00e9teleket figyelembe v\u00e9ve. K\u00fcl\u00f6nf\u00e9le szab\u00e1lyok vannak p\u00e9ld\u00e1ul a doboz magass\u00e1g\u00e1t, \u00e1tm\u00e9r\u0151j\u00e9t, t\u00f6meg\u00e9t, illetve egy\u00e9b fontos param\u00e9tereit illet\u0151en. Ez mind a kih\u00edv\u00e1sok k\u00f6z\u00e9 tartozik.<br \/>\nA m\u0171holdakat egy rak\u00e9t\u00e1val juttatj\u00e1k k\u00f6r\u00fclbel\u00fcl 1.000 m\u00e9teres magass\u00e1gig.<br \/>\nA rak\u00e9t\u00e1ban a CanSat hasonl\u00f3k\u00e9ppen fog elhelyezkedni (a k\u00e9pen l\u00e1that\u00f3 CanSat egy m\u00e1sik bels\u0151 elrendez\u00e9ssel ker\u00fclt elk\u00e9sz\u00edt\u00e9sre):<\/p>\n<p><img loading=\"lazy\" decoding=\"async\" class=\"aligncenter\" src=\"https:\/\/gnd.bme.hu\/cansat\/wp-content\/uploads\/2018\/04\/cansat-in-rocket.jpg\" alt=\"\" width=\"512\" height=\"384\" \/><\/p>\n<p>A kil\u00f6v\u00e9s a k\u00f6vetkez\u0151k\u00e9ppen, illetve ehhez hasonl\u00f3an fog t\u00f6rt\u00e9ni:<\/p>\n<p><img loading=\"lazy\" decoding=\"async\" class=\"aligncenter\" src=\"https:\/\/gnd.bme.hu\/cansat\/wp-content\/uploads\/2018\/04\/Kil\u00f6v\u00e9s.gif\" alt=\"\" width=\"512\" height=\"384\" \/><\/p>\n<p>A csapatok k\u00f6telez\u0151 feladata, hogy val\u00f3s id\u0151ben kommunik\u00e1ljanak az eszk\u00f6z\u00fckkel, m\u00e9r\u00e9seket v\u00e9gezzenek (h\u0151m\u00e9rs\u00e9klet \u00e9s nyom\u00e1s m\u00e9r\u00e9se a k\u00f6telez\u0151) azzal, majd biztons\u00e1ggal f\u00f6ldre juttass\u00e1k az egys\u00e9g\u00fcket. A verseny sor\u00e1n m\u00e9rt adatokb\u00f3l egy el\u0151ad\u00e1st is kell tartaniuk a r\u00e9sztvev\u0151knek.<\/p>\n<p>A versenyr\u0151l tov\u00e1bbi r\u00e9szletek az ESA <a href=\"https:\/\/www.esa.int\/Education\/CanSat\" target=\"_blank\">CanSat<\/a> honlapj\u00e1n, ezen bel\u00fcl a CanSat-okr\u00f3l b\u0151vebb inform\u00e1ci\u00f3t pedig az ESA <a href=\"https:\/\/www.esa.int\/Education\/CanSat\/What_is_a_CanSat\" target=\"_blank\">Mi az a CanSat?<\/a> oldal\u00e1n tal\u00e1lhatnak angolul.<\/p>\n<p>Saj\u00e1t k\u00fcldet\u00e9s\u00fcnknek a mikrokontroller\u00fcnk alaplapj\u00e1nak megtervez\u00e9s\u00e9t, az elektrom\u00e1gneses spektrum analiz\u00e1l\u00e1st (GSM s\u00e1vban), illetve az ir\u00e1ny\u00edtott lesz\u00e1ll\u00e1st v\u00e1lasztottuk.<\/p>\n<\/div>\n","protected":false},"excerpt":{"rendered":"<p>A CanSat egy italosdoboz m\u00e9ret\u0171 \u00e9s form\u00e1j\u00fa m\u0171holdszimul\u00e1ci\u00f3. A r\u00e9sztvev\u0151 csapatok egy kism\u00e9ret\u0171 m\u0171holdat k\u00e9sz\u00edtenek el, amivel k\u00fcl\u00f6nb\u00f6z\u0151 k\u00fcldet\u00e9seket hajthatnak v\u00e9gre. A CanSat egy lehets\u00e9ges bels\u0151 elrendez\u00e9se a k\u00f6vetkez\u0151 k\u00e9pen l\u00e1that\u00f3: A versenyen a r\u00e9sztvev\u0151knek a m\u0171hold minden r\u00e9sz\u00e9t, az energiaell\u00e1t\u00e1st, a szenzorokat, kommunik\u00e1ci\u00f3s egys\u00e9g\u00e9t kell megtervezni\u00fck, \u00e9s el kell k\u00e9sz\u00edteni\u00fck a megadott felt\u00e9teleket figyelembe &hellip; <\/p>\n<p class=\"link-more\"><a href=\"https:\/\/gnd.bme.hu\/cansat\/index.php\/mi-az-a-cansat\/\" class=\"more-link\">Continue reading<span class=\"screen-reader-text\"> &#8220;Mi az a cansat?&#8221;<\/span><\/a><\/p>\n","protected":false},"author":2,"featured_media":0,"parent":0,"menu_order":2,"comment_status":"closed","ping_status":"closed","template":"page-templates\/page_fullwidth.php","meta":{"footnotes":""},"class_list":["post-25","page","type-page","status-publish","hentry","entry"],"_links":{"self":[{"href":"https:\/\/gnd.bme.hu\/cansat\/index.php\/wp-json\/wp\/v2\/pages\/25","targetHints":{"allow":["GET"]}}],"collection":[{"href":"https:\/\/gnd.bme.hu\/cansat\/index.php\/wp-json\/wp\/v2\/pages"}],"about":[{"href":"https:\/\/gnd.bme.hu\/cansat\/index.php\/wp-json\/wp\/v2\/types\/page"}],"author":[{"embeddable":true,"href":"https:\/\/gnd.bme.hu\/cansat\/index.php\/wp-json\/wp\/v2\/users\/2"}],"replies":[{"embeddable":true,"href":"https:\/\/gnd.bme.hu\/cansat\/index.php\/wp-json\/wp\/v2\/comments?post=25"}],"version-history":[{"count":38,"href":"https:\/\/gnd.bme.hu\/cansat\/index.php\/wp-json\/wp\/v2\/pages\/25\/revisions"}],"predecessor-version":[{"id":2114,"href":"https:\/\/gnd.bme.hu\/cansat\/index.php\/wp-json\/wp\/v2\/pages\/25\/revisions\/2114"}],"wp:attachment":[{"href":"https:\/\/gnd.bme.hu\/cansat\/index.php\/wp-json\/wp\/v2\/media?parent=25"}],"curies":[{"name":"wp","href":"https:\/\/api.w.org\/{rel}","templated":true}]}}