{"id":364,"date":"2018-03-19T20:52:07","date_gmt":"2018-03-19T19:52:07","guid":{"rendered":"http:\/\/gnd.bme.hu\/cansat\/?page_id=364"},"modified":"2020-05-31T15:33:57","modified_gmt":"2020-05-31T14:33:57","slug":"acsapat","status":"publish","type":"page","link":"https:\/\/gnd.bme.hu\/cansat\/index.php\/csapat\/acsapat\/","title":{"rendered":"A csapatunk"},"content":{"rendered":"<style type=\"text\/css\">#maintext{\n\t\t\t\t\t\tbackground:  none repeat scroll 0 0 #ffffff;\n\t\t\t\t\t\ttext-align:left;\n\t\t\t\t\t\tmargin-top: 20px;\n\t\t\t\t\t\tcolor: #333;\n\t\t\t\t\t\ttext-align: justify;\n\t\t\t\t\t\ttext-justify: inter-word;\n\t\t\t\t\t\tfont-family: 'Roboto', sans-serif;\n\t\t\t\t\t\tword-wrap: break-word;\n\t\t\t\t\t\toverflow-wrap: break-word;\n\t\t\t\t\t\tpadding: 5px 10px;\n\t\t\t\t\t\t}\n<\/style>\n<div id=\"maintext\">\n<p>Csapatunk m\u00faltja:<br \/>\nCsapatunk a term\u00e9szettudom\u00e1nyok \u00e9s m\u00e9rn\u00f6ki tudom\u00e1nyok ir\u00e1nt \u00e9rdekl\u0151d\u0151 budapesti gimnazist\u00e1kb\u00f3l \u00e1llt (m\u00e1ra m\u00e1r egyetemist\u00e1k vagyunk), akik 2016 \u0151sz\u00e9n \u00fagy d\u00f6nt\u00f6ttek, hogy valami \u00fajat csin\u00e1lnak. Az tanul\u00e1s hagyom\u00e1nyos form\u00e1it ismert\u00fck, de egy\u00e9nileg autodidakta m\u00f3don is sokat tanultunk m\u00e1r.<br \/>\nEbben az esetben az \u00fajdons\u00e1g egy k\u00f6z\u00f6s \u00faj projekten elkezd\u00e9se volt.<br \/>\nA projektet sikersen befejezt\u00fck 2017 j\u00fanius\u00e1ban. Tulajdonk\u00e9ppen egy BEXUS projektet hajtottunk v\u00e9gre.<br \/>\nErr\u0151l b\u0151vebben a <a href=\"http:\/\/rexusbexus.net\/\" target=\"_blank\">Rexus\/Bexus oldalon<\/a> vagy az <a href=\"https:\/\/www.esa.int\/Education\/Rocket_Balloon_Experiments_for_University_Students\" target=\"_blank\">ESA ide vonatkoz\u00f3 oldal\u00e1n<\/a> lehet olvasni.<br \/>\nA ballonos projekt\u00fcnkr\u0151l b\u0151vebb inform\u00e1ci\u00f3 a <a href=\"https:\/\/www.facebook.com\/piaristakazurben\" target=\"_blank\">Piarist\u00e1k az \u0170rben<\/a> Facebook oldalon tal\u00e1lhat\u00f3. A projekttel kapcsolatban t\u00f6bb \u00fajs\u00e1g, h\u00edrport\u00e1l \u00e9s telev\u00edzi\u00f3 is megkeresett minket.<\/p>\n<p>2017 \u0151sz\u00e9n \u00faj projektbe fogtunk: \u00fagy d\u00f6nt\u00f6tt\u00fcnk, \u00e9p\u00edt\u00fcnk egy minim\u0171holdat.<br \/>\nA projektr\u0151l ezen a honlapon \u00e9s <a href=\"https:\/\/www.facebook.com\/hunsatteam\" target=\"_blank\">Facebook oldalunkon<\/a> sz\u00e1moltunk be id\u0151r\u0151l id\u0151re.<\/p>\n<p>Az ESA CanSat verseny\u00e9n indulva \u00faj c\u00e9lokat t\u0171zt\u00fcnk ki magunk el\u00e9.<br \/>\n&#8211; Jobb csapatt\u00e1 szerett\u00fcnk volna v\u00e1lni: kis csapat voltunk \u00e9s nagy munk\u00e1ra v\u00e1llalkoztunk, de minden feladatot igyekezt\u00fcnk j\u00f3l beosztani \u00e9s k\u00f6z\u00f6sen megoldani.<br \/>\n&#8211; Az el\u0151z\u0151 projekt ut\u00e1n is r\u00e9szben ismert\u00fck, hogy kinek mik az er\u0151ss\u00e9gei \u00e9s gyenges\u00e9gei: ezeket m\u00e9g jobban fel szerett\u00fcnk volna t\u00e9rk\u00e9pezni.<br \/>\n&#8211; A versenyben term\u00e9szetesen a lehets\u00e9ges legjobb helyen szerett\u00fcnk volna v\u00e9gezni! K\u00fcl\u00f6nd\u00edjunkra nagyon b\u00fcszk\u00e9k vagyunk.<br \/>\nA legnagyobb munka a spektrumanaliz\u00e1toros m\u00e9r\u00e9s \u00e9s a j\u00f3l m\u0171k\u00f6d\u0151 telecommand, valamint az ir\u00e1ny\u00edtott lesz\u00e1ll\u00e1s kidolgoz\u00e1sa voltak. Mind a spektrum analiz\u00e1l\u00e1sa, mind az ir\u00e1ny\u00edtott lesz\u00e1ll\u00e1s a j\u00f6v\u0151be mutat\u00f3, \u00fatt\u00f6r\u0151 innov\u00e1ci\u00f3: egyr\u00e9szt a feleslegesen kisug\u00e1rzott elektrom\u00e1gneses hull\u00e1mok intenzit\u00e1s\u00e1t lehetne cs\u00f6kkenteni a j\u00f6v\u0151ben a megfelel\u0151 felt\u00e9r\u00e9pez\u00e9s\u00fck ut\u00e1n, illetve az ir\u00e1ny\u00edtott lesz\u00e1ll\u00e1st az \u0171rszemetet jelent\u0151 minim\u0171holdak F\u00f6ldre val\u00f3 visszajuttat\u00e1s\u00e1hoz az els\u0151 l\u00e9p\u00e9snek gondoljuk.<br \/>\n&#8211; Fontos volt sz\u00e1munkra az is, hogy ut\u00f3dokat keress\u00fcnk, tal\u00e1ljunk \u00e9s seg\u00edts\u00fck \u0151ket.<br \/>\n\u00d6r\u00f6mmel t\u00f6lt el benn\u00fcnket, hogy n\u00e9pszer\u0171s\u00edt\u0151 munk\u00e1nk nyom\u00e1n 5 csapatot is tal\u00e1ltunk a 2019-es versenyre. K\u00f6z\u00fcl\u00fck v\u00e9g\u00fcl a GRLSat lett a gy\u0151ztes, \u00edgy \u0151k k\u00e9pviselhetik haz\u00e1nkat 2019 nyar\u00e1n az ESA verseny\u00e9n. Gratul\u00e1lunk nekik! Munk\u00e1jukat igyeksz\u00fcnk seg\u00edteni mindenben.<\/p>\n<\/div>\n","protected":false},"excerpt":{"rendered":"<p>Csapatunk m\u00faltja: Csapatunk a term\u00e9szettudom\u00e1nyok \u00e9s m\u00e9rn\u00f6ki tudom\u00e1nyok ir\u00e1nt \u00e9rdekl\u0151d\u0151 budapesti gimnazist\u00e1kb\u00f3l \u00e1llt (m\u00e1ra m\u00e1r egyetemist\u00e1k vagyunk), akik 2016 \u0151sz\u00e9n \u00fagy d\u00f6nt\u00f6ttek, hogy valami \u00fajat csin\u00e1lnak. Az tanul\u00e1s hagyom\u00e1nyos form\u00e1it ismert\u00fck, de egy\u00e9nileg autodidakta m\u00f3don is sokat tanultunk m\u00e1r. Ebben az esetben az \u00fajdons\u00e1g egy k\u00f6z\u00f6s \u00faj projekten elkezd\u00e9se volt. A projektet sikersen befejezt\u00fck 2017 &hellip; <\/p>\n<p class=\"link-more\"><a href=\"https:\/\/gnd.bme.hu\/cansat\/index.php\/csapat\/acsapat\/\" class=\"more-link\">Continue reading<span class=\"screen-reader-text\"> &#8220;A csapatunk&#8221;<\/span><\/a><\/p>\n","protected":false},"author":4,"featured_media":0,"parent":31,"menu_order":0,"comment_status":"closed","ping_status":"closed","template":"page-templates\/page_fullwidth.php","meta":{"footnotes":""},"class_list":["post-364","page","type-page","status-publish","hentry","entry"],"_links":{"self":[{"href":"https:\/\/gnd.bme.hu\/cansat\/index.php\/wp-json\/wp\/v2\/pages\/364","targetHints":{"allow":["GET"]}}],"collection":[{"href":"https:\/\/gnd.bme.hu\/cansat\/index.php\/wp-json\/wp\/v2\/pages"}],"about":[{"href":"https:\/\/gnd.bme.hu\/cansat\/index.php\/wp-json\/wp\/v2\/types\/page"}],"author":[{"embeddable":true,"href":"https:\/\/gnd.bme.hu\/cansat\/index.php\/wp-json\/wp\/v2\/users\/4"}],"replies":[{"embeddable":true,"href":"https:\/\/gnd.bme.hu\/cansat\/index.php\/wp-json\/wp\/v2\/comments?post=364"}],"version-history":[{"count":39,"href":"https:\/\/gnd.bme.hu\/cansat\/index.php\/wp-json\/wp\/v2\/pages\/364\/revisions"}],"predecessor-version":[{"id":2125,"href":"https:\/\/gnd.bme.hu\/cansat\/index.php\/wp-json\/wp\/v2\/pages\/364\/revisions\/2125"}],"up":[{"embeddable":true,"href":"https:\/\/gnd.bme.hu\/cansat\/index.php\/wp-json\/wp\/v2\/pages\/31"}],"wp:attachment":[{"href":"https:\/\/gnd.bme.hu\/cansat\/index.php\/wp-json\/wp\/v2\/media?parent=364"}],"curies":[{"name":"wp","href":"https:\/\/api.w.org\/{rel}","templated":true}]}}