{"id":38,"date":"2018-02-23T20:08:54","date_gmt":"2018-02-23T19:08:54","guid":{"rendered":"http:\/\/gnd.bme.hu\/cansat\/?page_id=38"},"modified":"2020-05-31T15:02:43","modified_gmt":"2020-05-31T14:02:43","slug":"tamogatoink","status":"publish","type":"page","link":"https:\/\/gnd.bme.hu\/cansat\/index.php\/tamogatoink\/","title":{"rendered":"T\u00e1mogat\u00f3ink"},"content":{"rendered":"<style type=\"text\/css\">#maintext{\n\t\t\t\t\t\tbackground:  none repeat scroll 0 0 #ffffff;\n\t\t\t\t\t\ttext-align:left;\n\t\t\t\t\t\tmargin-top: 20px;\n\t\t\t\t\t\tcolor: #333;\n\t\t\t\t\t\ttext-align: justify;\n\t\t\t\t\t\ttext-justify: inter-word;\n\t\t\t\t\t\tfont-family: 'Roboto', sans-serif;\n\t\t\t\t\t\tword-wrap: break-word;\n\t\t\t\t\t\toverflow-wrap: break-word;\n\t\t\t\t\t\tpadding: 5px 10px;\n\t\t\t\t\t\t}\n<\/style>\n<div id=\"maintext\">\n<p>A <a href=\"http:\/\/gnd.bme.hu\/cansat\/index.php\/csapat\/\" target=\"_self\">Csapat oldalon<\/a> soroltuk fel azokat a szakmai partnereinket, akik n\u00e9lk\u00fcl projekt\u00fcnk nem j\u00f6hetett volna l\u00e9tre. K\u00f6sz\u00f6nj\u00fck seg\u00edts\u00e9g\u00fcket ez\u00faton is!<br \/>\nRendk\u00edv\u00fcl h\u00e1l\u00e1sak vagyunk p\u00e9nz\u00fcgyi t\u00e1mogat\u00f3inknak is, hiszen n\u00e9lk\u00fcl\u00fck nem lett\u00fcnk volna k\u00e9pesek finansz\u00edrozni projekt\u00fcnket.<\/p>\n<p>Tov\u00e1bbi t\u00e1mogat\u00e1sokat \u00f6r\u00f6mmel fogadunk a Magyarorsz\u00e1gi CanSat Verseny szervez\u00e9s\u00e9re!<br \/>\nTerveink szerint a 2019\/2020-as tan\u00e9vben indul a hazai verseny, ennek nyertes jut majd ki a 2020-as ESA versenyre.<br \/>\nTov\u00e1bb inform\u00e1ci\u00f3\u00e9rt <a href=\"https:\/\/gnd.bme.hu\/cansat\/index.php\/kapcsolat\/\" target=\"_self\">forduljon hozz\u00e1nk<\/a>!<\/p>\n<p>A 2019-es magyar csapat, a GRLSat t\u00e1mogat\u00e1s\u00e1ra is van lehet\u0151s\u00e9g. Ezzel kapcsolatban is <a href=\"https:\/\/gnd.bme.hu\/cansat\/index.php\/kapcsolat\/\" target=\"_self\">keressen minket<\/a> vagy vegye fel a kapcsolatot a <a href=\"https:\/\/www.facebook.com\/grlsat2019\/\" target=\"_blank\">GRLSat<\/a> csapattal!<br \/>\n<br \/>\nAmennyiben tetszik \u00d6nnek a munk\u00e1nk, a M\u0171egyetemi R\u00e1di\u00f3 Club Egyes\u00fcletet t\u00e1mogatva tud nek\u00fcnk seg\u00edteni az al\u00e1bbiak szerint:<\/p>\n<p>T\u00e1mogatott szervezet: M\u0171egyetemi R\u00e1di\u00f3 Club Egyes\u00fclet<br \/>\nEgyes\u00fclet sz\u00e9khelye: 1111 Budapest, Egry J\u00f3zsef utca 18.<br \/>\nEgyes\u00fclet kapcsolattart\u00f3ja: Dr. Gschwindt Andr\u00e1s (<a href=\"mailto:gschwindt@hvt.bme.hu\">gschwindt@hvt.bme.hu<\/a>)<br \/>\nNyilv\u00e1ntart\u00e1si sz\u00e1m: 01-02-0002414<br \/>\nAd\u00f3sz\u00e1m: 19005072-2-43<br \/>\nEU ad\u00f3sz\u00e1m: HU19005072<br \/>\nSz\u00e1mlasz\u00e1m: 11711034-20331393-00000000<br \/>\nSz\u00e1mlavezet\u0151 bank: OTP<\/p>\n<p>K\u00e9rj\u00fck az utal\u00e1s sor\u00e1n jelezze a &#8220;Megjegyz\u00e9s&#8221; rovatban, hogy a HunSat csapat munk\u00e1j\u00e1t szeretn\u00e9 t\u00e1mogatni.<br \/>\nAzon t\u00e1mogat\u00f3ink, akik szeretn\u00e9k, \u00f6r\u00f6mmel neves\u00edtj\u00fck \u0151ket a honlapunkon. Ebben az esetben k\u00e9rj\u00fck, hogy az utal\u00e1s sor\u00e1n jelezze, hogy kinek a nev\u00e9ben t\u00e1mogatott minket, illetve a <a href=\"mailto:hunsat@gnd.bme.hu\">hunsat@gnd.bme.hu<\/a> e-mail c\u00edmre k\u00e9r\u00fcnk egy pontos nevet \u00e9s log\u00f3t, amivel n\u00e9h\u00e1ny napon bel\u00fcl a t\u00e1mogat\u00f3 felker\u00fcl az oldalunkra.<\/p>\n<p>Ad\u00f3ja 1%-\u00e1nak felaj\u00e1nl\u00e1s\u00e1val is lehet\u0151s\u00e9ge van t\u00e1mogatni az Egyes\u00fclet munk\u00e1j\u00e1t \u00e9s a j\u00f6vend\u0151beli CanSat csapatokat.<\/p>\n<p>B\u00e1rmilyen tov\u00e1bbi k\u00e9rd\u00e9s eset\u00e9n <a href=\"https:\/\/gnd.bme.hu\/cansat\/index.php\/kapcsolat\/\" target=\"_self\">forduljon hozz\u00e1nk<\/a> bizalommal!<\/p>\n<p>Minden t\u00e1mogat\u00e1st k\u00f6sz\u00f6n\u00fcnk!<br \/>\n<br \/>\nT\u00e1mogat\u00f3ink felsorol\u00e1sa k\u00f6vetkezik al\u00e1bb.<br \/>\n<br \/>\nF\u0151t\u00e1mogat\u00f3ink:<\/p>\n<div id=\"wp-sponsors\" class=\"clearfix grid\"><div class=\"sponsor-item default hu_big\"><a href=http:\/\/www.ramasoft.hu target=\"_blank\" rel=\"nofollow\"><img loading=\"lazy\" decoding=\"async\" width=\"221\" height=\"200\" src=\"https:\/\/gnd.bme.hu\/cansat\/wp-content\/uploads\/2018\/04\/ramasoft_square.png\" class=\"attachment-medium size-medium wp-post-image\" alt=\"Ramasoft\" srcset=\"https:\/\/gnd.bme.hu\/cansat\/wp-content\/uploads\/2018\/04\/ramasoft_square.png 221w, https:\/\/gnd.bme.hu\/cansat\/wp-content\/uploads\/2018\/04\/ramasoft_square-100x90.png 100w\" sizes=\"auto, (max-width: 34.9rem) calc(100vw - 2rem), (max-width: 53rem) calc(8 * (100vw \/ 12)), (min-width: 53rem) calc(6 * (100vw \/ 12)), 100vw\" \/><\/a><p>A Ramasoftnak utaz\u00e1si k\u00f6lts\u00e9geink fedez\u00e9s\u00e9ben ny\u00fajtott seg\u00edts\u00e9g\u00e9\u00e9rt vagyunk h\u00e1l\u00e1sak.<\/p>\n<\/div><div class=\"sponsor-item default hu_big\"><a href=http:\/\/pbn.hu\/hu target=\"_blank\" rel=\"nofollow\"><img loading=\"lazy\" decoding=\"async\" width=\"221\" height=\"200\" src=\"https:\/\/gnd.bme.hu\/cansat\/wp-content\/uploads\/2018\/04\/pbn_square.png\" class=\"attachment-medium size-medium wp-post-image\" alt=\"PBN\" srcset=\"https:\/\/gnd.bme.hu\/cansat\/wp-content\/uploads\/2018\/04\/pbn_square.png 221w, https:\/\/gnd.bme.hu\/cansat\/wp-content\/uploads\/2018\/04\/pbn_square-100x90.png 100w\" sizes=\"auto, (max-width: 34.9rem) calc(100vw - 2rem), (max-width: 53rem) calc(8 * (100vw \/ 12)), (min-width: 53rem) calc(6 * (100vw \/ 12)), 100vw\" \/><\/a><p>A Pannon Gazdas\u00e1gi H\u00e1l\u00f3zat kiutaz\u00e1sunk megval\u00f3s\u00edt\u00e1s\u00e1ban ny\u00fajtott nek\u00fcnk seg\u00edts\u00e9get.<\/p>\n<\/div><div class=\"sponsor-item default hu_big\"><a href=http:\/\/iqkecskemet.hu\/ target=\"_blank\" rel=\"nofollow\"><img loading=\"lazy\" decoding=\"async\" width=\"220\" height=\"197\" src=\"https:\/\/gnd.bme.hu\/cansat\/wp-content\/uploads\/2018\/04\/iq1.jpg\" class=\"attachment-medium size-medium wp-post-image\" alt=\"IQ\" srcset=\"https:\/\/gnd.bme.hu\/cansat\/wp-content\/uploads\/2018\/04\/iq1.jpg 220w, https:\/\/gnd.bme.hu\/cansat\/wp-content\/uploads\/2018\/04\/iq1-100x90.jpg 100w\" sizes=\"auto, (max-width: 34.9rem) calc(100vw - 2rem), (max-width: 53rem) calc(8 * (100vw \/ 12)), (min-width: 53rem) calc(6 * (100vw \/ 12)), 100vw\" \/><\/a><p>Az IQ Kecskem\u00e9t Ipari Kutat\u00f3 Kft.-nek k\u00f6sz\u00f6nj\u00fck a lehet\u0151s\u00e9get tanm\u0171hely\u00fck haszn\u00e1lat\u00e1ra. Valamint szeretn\u00e9nk megk\u00f6sz\u00f6nni junior m\u00e9rn\u00f6keinek tan\u00e1csait.<\/p>\n<\/div><div class=\"sponsor-item default hu_big\"><a href=https:\/\/gamf.uni-neumann.hu target=\"_blank\" rel=\"nofollow\"><img loading=\"lazy\" decoding=\"async\" width=\"200\" height=\"200\" src=\"https:\/\/gnd.bme.hu\/cansat\/wp-content\/uploads\/2018\/07\/gamf2-e1530818176424.png\" class=\"attachment-medium size-medium wp-post-image\" alt=\"GAMF\" sizes=\"auto, (max-width: 34.9rem) calc(100vw - 2rem), (max-width: 53rem) calc(8 * (100vw \/ 12)), (min-width: 53rem) calc(6 * (100vw \/ 12)), 100vw\" \/><\/a><p>A Neumann J\u00e1nos Egyetem GAMF J\u00e1rm\u0171technol\u00f3giai Kar\u00e1nak tan\u00e1rainak k\u00f6sz\u00f6nj\u00fck, hogy megosztott\u00e1k vel\u00fcnk tapasztalataikat \u00e9s szakmai mentork\u00e9nt seg\u00edtettek benn\u00fcnket.<\/p>\n<\/div><div class=\"sponsor-item default hu_big\"><a href=http:\/\/www.ha5mrc.hu\/ target=\"_blank\" rel=\"nofollow\"><img loading=\"lazy\" decoding=\"async\" width=\"220\" height=\"200\" src=\"https:\/\/gnd.bme.hu\/cansat\/wp-content\/uploads\/2018\/04\/mrc_square-e1523310921484.png\" class=\"attachment-medium size-medium wp-post-image\" alt=\"MRC\" sizes=\"auto, (max-width: 34.9rem) calc(100vw - 2rem), (max-width: 53rem) calc(8 * (100vw \/ 12)), (min-width: 53rem) calc(6 * (100vw \/ 12)), 100vw\" \/><\/a><p>A M\u0171egyetemi R\u00e1di\u00f3 Club kezelte p\u00e9nz\u00fcgyeink egy r\u00e9sz\u00e9t, \u00e9s t\u00e1mogatta projekt\u00fcnket.<\/p>\n<\/div><div class=\"sponsor-item default hu_big\"><a href=http:\/\/brickztech.com\/ target=\"_blank\" rel=\"nofollow\"><img loading=\"lazy\" decoding=\"async\" width=\"218\" height=\"218\" src=\"https:\/\/gnd.bme.hu\/cansat\/wp-content\/uploads\/2018\/04\/brickz-e1524772243273.png\" class=\"attachment-medium size-medium wp-post-image\" alt=\"Brickz\" sizes=\"auto, (max-width: 34.9rem) calc(100vw - 2rem), (max-width: 53rem) calc(8 * (100vw \/ 12)), (min-width: 53rem) calc(6 * (100vw \/ 12)), 100vw\" \/><\/a><p>Nagyra \u00e9rt\u00e9kelj\u00fck a Brickz Technologies Kft. t\u00e1mogat\u00e1s\u00e1t.<\/p>\n<\/div><div class=\"sponsor-item default hu_big\"><a href=http:\/\/hvt.bme.hu\/ target=\"_blank\" rel=\"nofollow\"><img loading=\"lazy\" decoding=\"async\" width=\"226\" height=\"98\" src=\"https:\/\/gnd.bme.hu\/cansat\/wp-content\/uploads\/2018\/07\/hvt.jpg\" class=\"attachment-medium size-medium wp-post-image\" alt=\"HVT\" srcset=\"https:\/\/gnd.bme.hu\/cansat\/wp-content\/uploads\/2018\/07\/hvt.jpg 226w, https:\/\/gnd.bme.hu\/cansat\/wp-content\/uploads\/2018\/07\/hvt-100x43.jpg 100w\" sizes=\"auto, (max-width: 34.9rem) calc(100vw - 2rem), (max-width: 53rem) calc(8 * (100vw \/ 12)), (min-width: 53rem) calc(6 * (100vw \/ 12)), 100vw\" \/><\/a><p>A Budapesti M\u0171szaki \u00e9s Gazdas\u00e1gtudom\u00e1nyi Egyetem Villamosm\u00e9rn\u00f6ki Kar\u00e1nak Sz\u00e9less\u00e1v\u00fa H\u00edrk\u00f6zl\u00e9s Tansz\u00e9k\u00e9nek tan\u00e1rai az elektronikai \u00e9s programoz\u00e1si feladatokban voltak mentoraink \u00e9s seg\u00edtettek minket tan\u00e1csaikkal.<\/p>\n<\/div><div class=\"sponsor-item default hu_big\"><a href=http:\/\/www.atl-fo.eu\/hu target=\"_blank\" rel=\"nofollow\"><img loading=\"lazy\" decoding=\"async\" width=\"220\" height=\"106\" src=\"https:\/\/gnd.bme.hu\/cansat\/wp-content\/uploads\/2018\/07\/atl-e1530817456894.jpg\" class=\"attachment-medium size-medium wp-post-image\" alt=\"ATL\" sizes=\"auto, (max-width: 34.9rem) calc(100vw - 2rem), (max-width: 53rem) calc(8 * (100vw \/ 12)), (min-width: 53rem) calc(6 * (100vw \/ 12)), 100vw\" \/><\/a><p>K\u00f6sz\u00f6nj\u00fck az ATL Kft. t\u00e1mogat\u00e1s\u00e1t!<\/p>\n<\/div><div class=\"sponsor-item default hu_big\"><a href=http:\/\/www.bme.hu\/ target=\"_blank\" rel=\"nofollow\"><img loading=\"lazy\" decoding=\"async\" width=\"220\" height=\"220\" src=\"https:\/\/gnd.bme.hu\/cansat\/wp-content\/uploads\/2018\/07\/bme-e1530818492314.png\" class=\"attachment-medium size-medium wp-post-image\" alt=\"BME\" sizes=\"auto, (max-width: 34.9rem) calc(100vw - 2rem), (max-width: 53rem) calc(8 * (100vw \/ 12)), (min-width: 53rem) calc(6 * (100vw \/ 12)), 100vw\" \/><\/a><p>K\u00f6sz\u00f6nj\u00fck a BME-nek, hogy helysz\u00ednt, laborokat biztos\u00edtott sz\u00e1munkra!<\/p>\n<\/div><div class=\"sponsor-item default hu_big\"><a href=https:\/\/gamf.uni-neumann.hu target=\"_blank\" rel=\"nofollow\"><img loading=\"lazy\" decoding=\"async\" width=\"220\" height=\"200\" src=\"https:\/\/gnd.bme.hu\/cansat\/wp-content\/uploads\/2018\/04\/gamf_square-e1524762445495.png\" class=\"attachment-medium size-medium wp-post-image\" alt=\"Neumann\" sizes=\"auto, (max-width: 34.9rem) calc(100vw - 2rem), (max-width: 53rem) calc(8 * (100vw \/ 12)), (min-width: 53rem) calc(6 * (100vw \/ 12)), 100vw\" \/><\/a><p>K\u00fcl\u00f6n k\u00f6sz\u00f6nettel tartozunk a GAMF Innovat\u00edv Fiatalok\u00e9rt Alap\u00edtv\u00e1ny t\u00e1mogat\u00e1s\u00e1\u00e9rt.<\/p>\n<\/div><\/div>\n<p>Tov\u00e1bbi t\u00e1mogat\u00f3ink:<\/p>\n<div id=\"wp-sponsors\" class=\"clearfix grid\"><div class=\"sponsor-item default hu\"><a href=https:\/\/alapitvany.piarista.hu\/ target=\"_blank\" rel=\"nofollow\"><img loading=\"lazy\" decoding=\"async\" width=\"218\" height=\"196\" src=\"https:\/\/gnd.bme.hu\/cansat\/wp-content\/uploads\/2018\/04\/piar2-e1524762179306.png\" class=\"attachment-medium size-medium wp-post-image\" alt=\"Piar\" sizes=\"auto, (max-width: 34.9rem) calc(100vw - 2rem), (max-width: 53rem) calc(8 * (100vw \/ 12)), (min-width: 53rem) calc(6 * (100vw \/ 12)), 100vw\" \/><\/a><p>H\u00e1l\u00e1san k\u00f6sz\u00f6nj\u00fck a Piarista Alap\u00edtv\u00e1ny t\u00e1mogat\u00e1s\u00e1t, amelyet eszk\u00f6zeink beszerz\u00e9s\u00e9n\u00e9l haszn\u00e1ltunk fel.<\/p>\n<\/div><div class=\"sponsor-item default hu\"><a href=https:\/\/gnd.bme.hu\/cansat\/404.php target=\"_blank\" rel=\"nofollow\"><img loading=\"lazy\" decoding=\"async\" width=\"220\" height=\"197\" src=\"https:\/\/gnd.bme.hu\/cansat\/wp-content\/uploads\/2018\/04\/eumentor.png\" class=\"attachment-medium size-medium wp-post-image\" alt=\"EUMentorKft\" srcset=\"https:\/\/gnd.bme.hu\/cansat\/wp-content\/uploads\/2018\/04\/eumentor.png 220w, https:\/\/gnd.bme.hu\/cansat\/wp-content\/uploads\/2018\/04\/eumentor-100x90.png 100w\" sizes=\"auto, (max-width: 34.9rem) calc(100vw - 2rem), (max-width: 53rem) calc(8 * (100vw \/ 12)), (min-width: 53rem) calc(6 * (100vw \/ 12)), 100vw\" \/><\/a><p>Az EU-Mentor a k\u00f6lts\u00e9geink fedez\u00e9s\u00e9ben ny\u00fajtott seg\u00edts\u00e9get, valamint hasznos tan\u00e1csokkal seg\u00edtette a projekt szervez\u00e9s\u00e9t.<\/p>\n<\/div><div class=\"sponsor-item default hu\"><a href=https:\/\/gnd.bme.hu\/cansat\/404.php target=\"_blank\" rel=\"nofollow\"><img loading=\"lazy\" decoding=\"async\" width=\"220\" height=\"197\" src=\"https:\/\/gnd.bme.hu\/cansat\/wp-content\/uploads\/2018\/04\/presshouse.png\" class=\"attachment-medium size-medium wp-post-image\" alt=\"PressHouseKft\" srcset=\"https:\/\/gnd.bme.hu\/cansat\/wp-content\/uploads\/2018\/04\/presshouse.png 220w, https:\/\/gnd.bme.hu\/cansat\/wp-content\/uploads\/2018\/04\/presshouse-100x90.png 100w\" sizes=\"auto, (max-width: 34.9rem) calc(100vw - 2rem), (max-width: 53rem) calc(8 * (100vw \/ 12)), (min-width: 53rem) calc(6 * (100vw \/ 12)), 100vw\" \/><\/a><p>H\u00e1l\u00e1sak vagyunk a Press House Kft.-nek a ny\u00fajtott anyagi t\u00e1mogat\u00e1s\u00e9rt.<\/p>\n<\/div><div class=\"sponsor-item default hu\"><a href=http:\/\/annapanni.hu\/ target=\"_blank\" rel=\"nofollow\"><img loading=\"lazy\" decoding=\"async\" width=\"219\" height=\"219\" src=\"https:\/\/gnd.bme.hu\/cansat\/wp-content\/uploads\/2018\/05\/inno-e1525891532159.png\" class=\"attachment-medium size-medium wp-post-image\" alt=\"Inno\" sizes=\"auto, (max-width: 34.9rem) calc(100vw - 2rem), (max-width: 53rem) calc(8 * (100vw \/ 12)), (min-width: 53rem) calc(6 * (100vw \/ 12)), 100vw\" \/><\/a><p>K\u00f6sz\u00f6net az AnnaPanni magyar glut\u00e9nmentes term\u00e9kek forgalmaz\u00f3j\u00e1nak, az InnoTotal Kft.-nek.<\/p>\n<\/div><div class=\"sponsor-item default hu\"><a href=https:\/\/www.hpcconsulting.hu\/ target=\"_blank\" rel=\"nofollow\"><img loading=\"lazy\" decoding=\"async\" width=\"289\" height=\"289\" src=\"https:\/\/gnd.bme.hu\/cansat\/wp-content\/uploads\/2018\/05\/hpc.png\" class=\"attachment-medium size-medium wp-post-image\" alt=\"HPC\" sizes=\"auto, (max-width: 34.9rem) calc(100vw - 2rem), (max-width: 53rem) calc(8 * (100vw \/ 12)), (min-width: 53rem) calc(6 * (100vw \/ 12)), 100vw\" \/><\/a><p>H\u00e1l\u00e1sak vagyunk a HPC Consulting Kft. t\u00e1mogat\u00e1s\u00e1\u00e9rt.<\/p>\n<\/div><div class=\"sponsor-item default hu\"><a href=http:\/\/quantumleap.hu\/ target=\"_blank\" rel=\"nofollow\"><img loading=\"lazy\" decoding=\"async\" width=\"219\" height=\"219\" src=\"https:\/\/gnd.bme.hu\/cansat\/wp-content\/uploads\/2018\/06\/quantum2-e1528148841635.png\" class=\"attachment-medium size-medium wp-post-image\" alt=\"Quantum\" sizes=\"auto, (max-width: 34.9rem) calc(100vw - 2rem), (max-width: 53rem) calc(8 * (100vw \/ 12)), (min-width: 53rem) calc(6 * (100vw \/ 12)), 100vw\" \/><\/a><p>Csapatunk a Quantum Leap-n\u00e9l sikeresen elv\u00e9gezte a Stage 1-es inkub\u00e1ci\u00f3t. A Quantum t\u00e1mogatja k\u00e9s\u0151bbi piacra l\u00e9p\u00e9s\u00fcnket is.<\/p>\n<\/div><div class=\"sponsor-item default hu\"><a href=http:\/\/mauri.hu\/ target=\"_blank\" rel=\"nofollow\"><img loading=\"lazy\" decoding=\"async\" width=\"219\" height=\"219\" src=\"https:\/\/gnd.bme.hu\/cansat\/wp-content\/uploads\/2018\/06\/mauri-e1528149199784.jpeg\" class=\"attachment-medium size-medium wp-post-image\" alt=\"Mauri\" sizes=\"auto, (max-width: 34.9rem) calc(100vw - 2rem), (max-width: 53rem) calc(8 * (100vw \/ 12)), (min-width: 53rem) calc(6 * (100vw \/ 12)), 100vw\" \/><\/a><p>A Mauri Utaz\u00e1si Irod\u00e1nak k\u00f6sz\u00f6nj\u00fck sz\u00e9pen a lelkiismeretes seg\u00edts\u00e9get kiutaz\u00e1sunk megszervez\u00e9s\u00e9ben.<\/p>\n<\/div><div class=\"sponsor-item default hu\"><a href=http:\/\/tct.hu\/hu target=\"_blank\" rel=\"nofollow\"><img loading=\"lazy\" decoding=\"async\" width=\"219\" height=\"219\" src=\"https:\/\/gnd.bme.hu\/cansat\/wp-content\/uploads\/2018\/06\/tct-e1528295546968.png\" class=\"attachment-medium size-medium wp-post-image\" alt=\"TcT\" sizes=\"auto, (max-width: 34.9rem) calc(100vw - 2rem), (max-width: 53rem) calc(8 * (100vw \/ 12)), (min-width: 53rem) calc(6 * (100vw \/ 12)), 100vw\" \/><\/a><p>A TcT Csoport a kiutaz\u00e1sunkban t\u00e1mogatott minket. Ezen k\u00edv\u00fcl a 3D f\u00e9mnyomtat\u00e1s technol\u00f3gi\u00e1j\u00e1val ismertettek meg minket.<\/p>\n<\/div><div class=\"sponsor-item default hu\"><a href=https:\/\/collmot.com target=\"_blank\" rel=\"nofollow\"><img loading=\"lazy\" decoding=\"async\" width=\"219\" height=\"219\" src=\"https:\/\/gnd.bme.hu\/cansat\/wp-content\/uploads\/2018\/06\/collmot-e1528296469385.png\" class=\"attachment-medium size-medium wp-post-image\" alt=\"CollMot\" sizes=\"auto, (max-width: 34.9rem) calc(100vw - 2rem), (max-width: 53rem) calc(8 * (100vw \/ 12)), (min-width: 53rem) calc(6 * (100vw \/ 12)), 100vw\" \/><\/a><p>K\u00f6sz\u00f6nj\u00fck a CollMot Robotics munkat\u00e1rsainak a rep\u00fcl\u00e9ssel kapcsolat tan\u00e1csaikat \u00e9s a lehet\u0151s\u00e9get, hogy dr\u00f3nos teszteket v\u00e9gezhett\u00fcnk.<\/p>\n<\/div><div class=\"sponsor-item default hu\"><a href=https:\/\/varinex.hu\/ target=\"_blank\" rel=\"nofollow\"><img loading=\"lazy\" decoding=\"async\" width=\"220\" height=\"220\" src=\"https:\/\/gnd.bme.hu\/cansat\/wp-content\/uploads\/2018\/06\/varinex3-e1529361700439.png\" class=\"attachment-medium size-medium wp-post-image\" alt=\"Varinex\" sizes=\"auto, (max-width: 34.9rem) calc(100vw - 2rem), (max-width: 53rem) calc(8 * (100vw \/ 12)), (min-width: 53rem) calc(6 * (100vw \/ 12)), 100vw\" \/><\/a><p>A Varinex lehet\u0151s\u00e9get adott nek\u00fcnk az SLS technol\u00f3gi\u00e1t haszn\u00e1l\u00f3 3D-nyomtat\u00f3ikkal val\u00f3 munk\u00e1ra: a rep\u00fcl\u0151 p\u00e9ld\u00e1ny doboza szinterez\u00e9ssel k\u00e9sz\u00fclt.<\/p>\n<\/div><div class=\"sponsor-item default hu\"><a href=https:\/\/laptopszerviz.com\/ target=\"_blank\" rel=\"nofollow\"><img loading=\"lazy\" decoding=\"async\" width=\"220\" height=\"220\" src=\"https:\/\/gnd.bme.hu\/cansat\/wp-content\/uploads\/2018\/06\/laptop2-e1529845649894.png\" class=\"attachment-medium size-medium wp-post-image\" alt=\"Laptop\" sizes=\"auto, (max-width: 34.9rem) calc(100vw - 2rem), (max-width: 53rem) calc(8 * (100vw \/ 12)), (min-width: 53rem) calc(6 * (100vw \/ 12)), 100vw\" \/><\/a><p>K\u00f6sz\u00f6nj\u00fck az Advansys t\u00e1mogat\u00e1s\u00e1t!<\/p>\n<\/div><div class=\"sponsor-item default hu\"><a href=http:\/\/friebeart.hu\/ target=\"_blank\" rel=\"nofollow\"><img loading=\"lazy\" decoding=\"async\" width=\"300\" height=\"300\" src=\"https:\/\/gnd.bme.hu\/cansat\/wp-content\/uploads\/2018\/07\/friebeart2.png\" class=\"attachment-medium size-medium wp-post-image\" alt=\"Friebeart\" sizes=\"auto, (max-width: 34.9rem) calc(100vw - 2rem), (max-width: 53rem) calc(8 * (100vw \/ 12)), (min-width: 53rem) calc(6 * (100vw \/ 12)), 100vw\" \/><\/a><p>K\u00f6sz\u00f6nj\u00fck a grafikai tervez\u00e9sben ny\u00fajtott seg\u00edts\u00e9get a FriebeArt-nak!<\/p>\n<\/div><\/div>\n<p>Ez\u00faton is k\u00f6sz\u00f6nj\u00fck seg\u00edts\u00e9g\u00fcket!<\/p>\n<\/div>\n","protected":false},"excerpt":{"rendered":"<p>A Csapat oldalon soroltuk fel azokat a szakmai partnereinket, akik n\u00e9lk\u00fcl projekt\u00fcnk nem j\u00f6hetett volna l\u00e9tre. K\u00f6sz\u00f6nj\u00fck seg\u00edts\u00e9g\u00fcket ez\u00faton is! Rendk\u00edv\u00fcl h\u00e1l\u00e1sak vagyunk p\u00e9nz\u00fcgyi t\u00e1mogat\u00f3inknak is, hiszen n\u00e9lk\u00fcl\u00fck nem lett\u00fcnk volna k\u00e9pesek finansz\u00edrozni projekt\u00fcnket. Tov\u00e1bbi t\u00e1mogat\u00e1sokat \u00f6r\u00f6mmel fogadunk a Magyarorsz\u00e1gi CanSat Verseny szervez\u00e9s\u00e9re! Terveink szerint a 2019\/2020-as tan\u00e9vben indul a hazai verseny, ennek nyertes jut &hellip; <\/p>\n<p class=\"link-more\"><a href=\"https:\/\/gnd.bme.hu\/cansat\/index.php\/tamogatoink\/\" class=\"more-link\">Continue reading<span class=\"screen-reader-text\"> &#8220;T\u00e1mogat\u00f3ink&#8221;<\/span><\/a><\/p>\n","protected":false},"author":2,"featured_media":0,"parent":0,"menu_order":5,"comment_status":"closed","ping_status":"closed","template":"page-templates\/page_fullwidth.php","meta":{"footnotes":""},"class_list":["post-38","page","type-page","status-publish","hentry","entry"],"_links":{"self":[{"href":"https:\/\/gnd.bme.hu\/cansat\/index.php\/wp-json\/wp\/v2\/pages\/38","targetHints":{"allow":["GET"]}}],"collection":[{"href":"https:\/\/gnd.bme.hu\/cansat\/index.php\/wp-json\/wp\/v2\/pages"}],"about":[{"href":"https:\/\/gnd.bme.hu\/cansat\/index.php\/wp-json\/wp\/v2\/types\/page"}],"author":[{"embeddable":true,"href":"https:\/\/gnd.bme.hu\/cansat\/index.php\/wp-json\/wp\/v2\/users\/2"}],"replies":[{"embeddable":true,"href":"https:\/\/gnd.bme.hu\/cansat\/index.php\/wp-json\/wp\/v2\/comments?post=38"}],"version-history":[{"count":109,"href":"https:\/\/gnd.bme.hu\/cansat\/index.php\/wp-json\/wp\/v2\/pages\/38\/revisions"}],"predecessor-version":[{"id":2119,"href":"https:\/\/gnd.bme.hu\/cansat\/index.php\/wp-json\/wp\/v2\/pages\/38\/revisions\/2119"}],"wp:attachment":[{"href":"https:\/\/gnd.bme.hu\/cansat\/index.php\/wp-json\/wp\/v2\/media?parent=38"}],"curies":[{"name":"wp","href":"https:\/\/api.w.org\/{rel}","templated":true}]}}