{"id":40,"date":"2018-02-23T20:09:20","date_gmt":"2018-02-23T19:09:20","guid":{"rendered":"http:\/\/gnd.bme.hu\/cansat\/?page_id=40"},"modified":"2020-05-31T14:57:17","modified_gmt":"2020-05-31T13:57:17","slug":"kapcsolat","status":"publish","type":"page","link":"https:\/\/gnd.bme.hu\/cansat\/index.php\/kapcsolat\/","title":{"rendered":"Kapcsolat"},"content":{"rendered":"<style type=\"text\/css\">#maintext{\n\t\t\t\t\t\tbackground:  none repeat scroll 0 0 #ffffff;\n\t\t\t\t\t\ttext-align:left;\n\t\t\t\t\t\tmargin-top: 20px;\n\t\t\t\t\t\tcolor: #333;\n\t\t\t\t\t\ttext-align: justify;\n\t\t\t\t\t\ttext-justify: inter-word;\n\t\t\t\t\t\tfont-family: 'Roboto', sans-serif;\n\t\t\t\t\t\tword-wrap: break-word;\n\t\t\t\t\t\toverflow-wrap: break-word;\n\t\t\t\t\t\tpadding: 5px 10px;\n\t\t\t\t\t\t}\n<\/style>\n<div id=\"maintext\">\n<p>\nMindig sz\u00edvesen hallunk \u00faj \u00f6tleteket, k\u00fcl\u00f6n\u00f6sen a projekt\u00fcnkkel kapcsolatban!<br \/>\nL\u00e1togasson el a <a href=\"https:\/\/facebook.com\/hunsatteam\" target=\"_blank\">Facebook<\/a> oldalunkra.<br \/>\nK\u00fcldj\u00f6n nek\u00fcnk levelet a <a href=\"mailto:hunsat@gnd.bme.hu\">hunsat@gnd.bme.hu<\/a> e-mail c\u00edmre vagy l\u00e9pjen vel\u00fcnk kapcsolatba a k\u00f6vetkez\u0151 \u0171rlapon kereszt\u00fcl:<\/p>\n<form action=\"\/cansat\/includes\/send_form_email.php\" method=\"post\" name=\"contactform\">\n<table width=\"450px\">\n<tbody>\n<tr>\n<td valign=\"top\"><label for=\"first_name\">Keresztn\u00e9v*<\/label><\/td>\n<td valign=\"top\"><input maxlength=\"50\" name=\"first_name\" size=\"30\" type=\"text\" \/><\/td>\n<\/tr>\n<tr>\n<td valign=\"top\"><label for=\"last_name\">Vezet\u00e9kn\u00e9v*<\/label><\/td>\n<td valign=\"top\"><input maxlength=\"50\" name=\"last_name\" size=\"30\" type=\"text\" \/><\/td>\n<\/tr>\n<tr>\n<td valign=\"top\"><label for=\"email\">E-mail c\u00edm*<\/label><\/td>\n<td valign=\"top\"><input maxlength=\"80\" name=\"email\" size=\"30\" type=\"text\" \/><\/td>\n<\/tr>\n<tr>\n<td valign=\"top\"><label for=\"telephone\">Telefonsz\u00e1m<\/label><\/td>\n<td valign=\"top\"><input maxlength=\"30\" name=\"telephone\" size=\"30\" type=\"text\" \/><\/td>\n<\/tr>\n<tr>\n<td valign=\"top\"><label for=\"comments\">Az \u00d6n \u00fczenete*<\/label><\/td>\n<td valign=\"top\"><textarea cols=\"25\" maxlength=\"1000\" name=\"comments\" rows=\"6\"><\/textarea><\/td>\n<\/tr>\n<tr>\n<td style=\"text-align: center;\" colspan=\"2\"><input type=\"submit\" value=\"K\u00fcld\u00e9s\" \/><\/td>\n<\/tr>\n<\/tbody>\n<\/table>\n<p><input type=\"hidden\" name=\"language\" value=\"hu\"><br \/>\n<\/form>\n<p>\u00d6r\u00f6mmel fogadjuk szem\u00e9lyes l\u00e1togat\u00e1s\u00e1t is: 1111 Budapest, Egry J\u00f3zsef utca 18.<\/p>\n<p><iframe\nwidth=\"600\"\nheight=\"450\"\nframeborder=\"0\" style=\"border:0\"\nsrc=\"https:\/\/www.google.com\/maps\/embed\/v1\/place?key=AIzaSyAYmlxI9nbJwJCSlrxBqkE5buS8gc0IAZI&#038;q=BME+V1,Budapest,Egry+J\u00f3zsef+utca+18,1111+Magyarorsz\u00e1g\" allowfullscreen><br \/>\n<\/iframe><\/h3>\n<\/p>\n<\/div>\n","protected":false},"excerpt":{"rendered":"<p>Mindig sz\u00edvesen hallunk \u00faj \u00f6tleteket, k\u00fcl\u00f6n\u00f6sen a projekt\u00fcnkkel kapcsolatban! L\u00e1togasson el a Facebook oldalunkra. K\u00fcldj\u00f6n nek\u00fcnk levelet a hunsat@gnd.bme.hu e-mail c\u00edmre vagy l\u00e9pjen vel\u00fcnk kapcsolatba a k\u00f6vetkez\u0151 \u0171rlapon kereszt\u00fcl: Keresztn\u00e9v* Vezet\u00e9kn\u00e9v* E-mail c\u00edm* Telefonsz\u00e1m Az \u00d6n \u00fczenete* \u00d6r\u00f6mmel fogadjuk szem\u00e9lyes l\u00e1togat\u00e1s\u00e1t is: 1111 Budapest, Egry J\u00f3zsef utca 18.<\/p>\n","protected":false},"author":2,"featured_media":0,"parent":0,"menu_order":6,"comment_status":"closed","ping_status":"closed","template":"page-templates\/page_fullwidth.php","meta":{"footnotes":""},"class_list":["post-40","page","type-page","status-publish","hentry","entry"],"_links":{"self":[{"href":"https:\/\/gnd.bme.hu\/cansat\/index.php\/wp-json\/wp\/v2\/pages\/40","targetHints":{"allow":["GET"]}}],"collection":[{"href":"https:\/\/gnd.bme.hu\/cansat\/index.php\/wp-json\/wp\/v2\/pages"}],"about":[{"href":"https:\/\/gnd.bme.hu\/cansat\/index.php\/wp-json\/wp\/v2\/types\/page"}],"author":[{"embeddable":true,"href":"https:\/\/gnd.bme.hu\/cansat\/index.php\/wp-json\/wp\/v2\/users\/2"}],"replies":[{"embeddable":true,"href":"https:\/\/gnd.bme.hu\/cansat\/index.php\/wp-json\/wp\/v2\/comments?post=40"}],"version-history":[{"count":49,"href":"https:\/\/gnd.bme.hu\/cansat\/index.php\/wp-json\/wp\/v2\/pages\/40\/revisions"}],"predecessor-version":[{"id":2117,"href":"https:\/\/gnd.bme.hu\/cansat\/index.php\/wp-json\/wp\/v2\/pages\/40\/revisions\/2117"}],"wp:attachment":[{"href":"https:\/\/gnd.bme.hu\/cansat\/index.php\/wp-json\/wp\/v2\/media?parent=40"}],"curies":[{"name":"wp","href":"https:\/\/api.w.org\/{rel}","templated":true}]}}